{"id":1091,"date":"2026-01-22T16:04:45","date_gmt":"2026-01-22T15:04:45","guid":{"rendered":"http:\/\/wsb4416544801-backup-280322.local\/?page_id=1091"},"modified":"2026-01-23T16:34:59","modified_gmt":"2026-01-23T15:34:59","slug":"cle-en-main","status":"publish","type":"page","link":"https:\/\/www.ateliers-dinand.com\/?page_id=1091","title":{"rendered":"Cl\u00e9 en main"},"content":{"rendered":"\n<p class=\"has-text-align-center has-text-color has-link-color has-large-font-size wp-elements-081f04e4a3ac7e1783c5b8172702d886\" style=\"color:#bebebe;margin-top:0;margin-bottom:0;padding-top:0;padding-right:0;padding-bottom:var(--wp--preset--spacing--70);padding-left:0\">Cl\u00e9 en main<\/p>\n\n\n\n<p class=\"has-text-align-center\" style=\"margin-top:0;margin-bottom:0\">Les&nbsp;ATELIERS DINAND proposent un service \u00ab Cl\u00e9 en main \u00bb prenant en charge toutes les \u00e9tapes de vos projets.De la conception \u00e0 la fabrication nous prenons en charge :D\u00e9finition du conceptDesignRecherche de nomsPlans techniquesFabrication en France, Europe ou Asie des flacons, capots, \u00e9tuis\u2026Conditionnement de parfum et de cosm\u00e9tiqueStockage<\/p>\n\n\n\n<figure class=\"wp-block-video\"><video height=\"480\" style=\"aspect-ratio: 854 \/ 480;\" width=\"854\" autoplay loop muted preload=\"auto\" src=\"https:\/\/www.ateliers-dinand.com\/wp-content\/uploads\/2014\/12\/Mon-film.mp4\" playsinline><\/video><\/figure>\n\n\n\n<p><\/p>\n","protected":false},"excerpt":{"rendered":"<p>Cl\u00e9 en main Les&nbsp;ATELIERS DINAND proposent un service \u00ab Cl\u00e9 en main \u00bb prenant en charge toutes les \u00e9tapes de [&hellip;]<\/p>\n","protected":false},"author":1,"featured_media":0,"parent":0,"menu_order":0,"comment_status":"closed","ping_status":"closed","template":"","meta":{"site-sidebar-layout":"default","site-content-layout":"","ast-site-content-layout":"default","site-content-style":"default","site-sidebar-style":"default","ast-global-header-display":"","ast-banner-title-visibility":"","ast-main-header-display":"","ast-hfb-above-header-display":"","ast-hfb-below-header-display":"","ast-hfb-mobile-header-display":"","site-post-title":"disabled","ast-breadcrumbs-content":"","ast-featured-img":"","footer-sml-layout":"","ast-disable-related-posts":"","theme-transparent-header-meta":"","adv-header-id-meta":"","stick-header-meta":"","header-above-stick-meta":"","header-main-stick-meta":"","header-below-stick-meta":"","astra-migrate-meta-layouts":"default","ast-page-background-enabled":"default","ast-page-background-meta":{"desktop":{"background-color":"var(--ast-global-color-5)","background-image":"","background-repeat":"repeat","background-position":"center center","background-size":"auto","background-attachment":"scroll","background-type":"","background-media":"","overlay-type":"","overlay-color":"","overlay-opacity":"","overlay-gradient":""},"tablet":{"background-color":"","background-image":"","background-repeat":"repeat","background-position":"center center","background-size":"auto","background-attachment":"scroll","background-type":"","background-media":"","overlay-type":"","overlay-color":"","overlay-opacity":"","overlay-gradient":""},"mobile":{"background-color":"","background-image":"","background-repeat":"repeat","background-position":"center center","background-size":"auto","background-attachment":"scroll","background-type":"","background-media":"","overlay-type":"","overlay-color":"","overlay-opacity":"","overlay-gradient":""}},"ast-content-background-meta":{"desktop":{"background-color":"var(--ast-global-color-4)","background-image":"","background-repeat":"repeat","background-position":"center center","background-size":"auto","background-attachment":"scroll","background-type":"","background-media":"","overlay-type":"","overlay-color":"","overlay-opacity":"","overlay-gradient":""},"tablet":{"background-color":"var(--ast-global-color-4)","background-image":"","background-repeat":"repeat","background-position":"center center","background-size":"auto","background-attachment":"scroll","background-type":"","background-media":"","overlay-type":"","overlay-color":"","overlay-opacity":"","overlay-gradient":""},"mobile":{"background-color":"var(--ast-global-color-4)","background-image":"","background-repeat":"repeat","background-position":"center center","background-size":"auto","background-attachment":"scroll","background-type":"","background-media":"","overlay-type":"","overlay-color":"","overlay-opacity":"","overlay-gradient":""}},"_vp_format_video_url":"","_vp_image_focal_point":[],"footnotes":""},"class_list":["post-1091","page","type-page","status-publish","hentry"],"_links":{"self":[{"href":"https:\/\/www.ateliers-dinand.com\/index.php?rest_route=\/wp\/v2\/pages\/1091","targetHints":{"allow":["GET"]}}],"collection":[{"href":"https:\/\/www.ateliers-dinand.com\/index.php?rest_route=\/wp\/v2\/pages"}],"about":[{"href":"https:\/\/www.ateliers-dinand.com\/index.php?rest_route=\/wp\/v2\/types\/page"}],"author":[{"embeddable":true,"href":"https:\/\/www.ateliers-dinand.com\/index.php?rest_route=\/wp\/v2\/users\/1"}],"replies":[{"embeddable":true,"href":"https:\/\/www.ateliers-dinand.com\/index.php?rest_route=%2Fwp%2Fv2%2Fcomments&post=1091"}],"version-history":[{"count":19,"href":"https:\/\/www.ateliers-dinand.com\/index.php?rest_route=\/wp\/v2\/pages\/1091\/revisions"}],"predecessor-version":[{"id":1208,"href":"https:\/\/www.ateliers-dinand.com\/index.php?rest_route=\/wp\/v2\/pages\/1091\/revisions\/1208"}],"wp:attachment":[{"href":"https:\/\/www.ateliers-dinand.com\/index.php?rest_route=%2Fwp%2Fv2%2Fmedia&parent=1091"}],"curies":[{"name":"wp","href":"https:\/\/api.w.org\/{rel}","templated":true}]}}